{"id":15579,"date":"2015-01-31T20:10:14","date_gmt":"2015-01-31T20:10:14","guid":{"rendered":"http:\/\/osnabruecker-airsoftverein.de\/?page_id=15579"},"modified":"2025-02-14T15:05:27","modified_gmt":"2025-02-14T15:05:27","slug":"vereinssatzung","status":"publish","type":"page","link":"https:\/\/osnabruecker-airsoftverein.de\/index.php\/vereinssatzung\/","title":{"rendered":"Vereinssatzung"},"content":{"rendered":"<p><!--vcv no format--><\/p>\n<div class=\"vce-row-container\" data-vce-boxed-width=\"true\">\n<div class=\"vce-row vce-row--col-gap-30 vce-row-equal-height vce-row-content--top\" id=\"el-09320e6c\" data-vce-do-apply=\"all el-09320e6c\">\n<div class=\"vce-row-content\" data-vce-element-content=\"true\">\n<div class=\"vce-col vce-col--md-auto vce-col--xs-1 vce-col--xs-last vce-col--xs-first vce-col--sm-last vce-col--sm-first vce-col--md-last vce-col--lg-last vce-col--xl-last vce-col--md-first vce-col--lg-first vce-col--xl-first\" id=\"el-6a52e7cb\">\n<div class=\"vce-col-inner\" data-vce-do-apply=\"border margin background  el-6a52e7cb\">\n<div class=\"vce-col-content\" data-vce-element-content=\"true\" data-vce-do-apply=\"padding el-6a52e7cb\">\n<div class=\"vce-text-block\">\n<div class=\"vce-text-block-wrapper vce\" id=\"el-0bbf2409\" data-vce-do-apply=\"all el-0bbf2409\" data-vce-animate=\"vce-o-animate--fadeIn\">\n<h2 style=\"text-align: center;\"><strong>\u00a71 Name, Sitz, Eintragung und Gesch\u00e4ftsjahr des Vereins<\/strong><\/h2>\n<h6 style=\"text-align: left;\">Der Name des Vereins lautet: 1. Osnabr\u00fccker Airsoftverein.<\/h6>\n<h6 style=\"text-align: left;\">Der Verein hat seinen Sitz in Osnabr\u00fcck.<\/h6>\n<h6 style=\"text-align: left;\">Das Gesch\u00e4ftsjahr des Vereins ist das Kalenderjahr.<\/h6>\n<h6 style=\"text-align: left;\">Der Verein soll in das Vereinsregister eingetragen werden.<\/h6>\n<h6 style=\"text-align: left;\">Er f\u00fchrt nach der Eintragung in das Vereinsregister den Namenszusatz \u201eeingetragener Verein\u201c in abgek\u00fcrzter Form (e.V.).<\/h6>\n<p>&nbsp;<\/p>\n<h2 style=\"text-align: center;\"><strong>\u00a72 &#8211; Zweck des Vereins<\/strong><\/h2>\n<h6 style=\"text-align: left;\">Die Mittel des Vereins sind ausschlie\u00dflich zu satzungsgem\u00e4\u00dfen Zwecken verwendbar.<\/h6>\n<h6 style=\"text-align: left;\">Im Fall der Aufl\u00f6sung des Vereins ist das Verm\u00f6gen des Vereins nach Tilgung bestehender Verbindlichkeiten unverz\u00fcglich einer wohlt\u00e4tigen Organisation zu spenden.<\/h6>\n<h6 style=\"text-align: left;\">Zweck des Vereins ist die F\u00f6rderung der Verbreitung und der Erh\u00f6hung der gesellschaftlichen und politischen Akzeptanz des Airsoftsportes in der Bundesrepublik Deutschland. Der Zweck des Vereins wird insbesondere durch Informationsst\u00e4nde, Umfragen in der \u00d6ffentlichkeit, Anf\u00e4ngertage mit sportlichem Inhalt, unserer Internetseite und diversen anderen Aktionen verwirklicht. Des Weiteren ist anzumerken, dass der Verein keine politischen, religi\u00f6sen oder milit\u00e4rischen Ziele verfolgt.<\/h6>\n<p>&nbsp;<\/p>\n<h2 style=\"text-align: center;\"><strong>\u00a73 &#8211; Eintritt, Austritt der Mitglieder, Mitgliedschaft<\/strong><\/h2>\n<p>&nbsp;<\/p>\n<h6>Mitglied des Vereins kann jede voll gesch\u00e4ftsf\u00e4hige, nat\u00fcrliche oder juristische Person werden.<\/h6>\n<p>&nbsp;<\/p>\n<h6>Die Mitgliedschaft ist beim Vorstand schriftlich zu beantragen. Der Antrag muss eine Erkl\u00e4rung \u00fcber die Anerkennung der Satzung und die zur Entrichtung der Mitgliedsbeitr\u00e4ge per Bankeinzug erforderlichen Angaben enthalten.<\/h6>\n<p>&nbsp;<\/p>\n<h6>Der Vorstand entscheidet, ob der Antragsteller als Mitglied aufgenommen wird. Die Mitgliedschaft beginnt nach Zugang einer schriftlich versendeten Aufnahmeerkl\u00e4rung und nach der Entrichtung des f\u00fcr das jeweilige Gesch\u00e4ftsjahr f\u00e4lligen Mitgliedsbeitrages (siehe unten \u00a7 5).<\/h6>\n<p>&nbsp;<\/p>\n<h6>Die Mitgliedschaft endet durch Austritt, Ausschluss oder Tod, bei juristischen Personen auch durch Verlust der Rechtspers\u00f6nlichkeit. Der Austritt eines Mitgliedes ist nur zum Ende eines Gesch\u00e4ftsjahres m\u00f6glich. Er erfolgt durch schriftliche Erkl\u00e4rung gegen\u00fcber dem Vorstand unter Einhaltung einer Frist von drei Monaten.<\/h6>\n<p>&nbsp;<\/p>\n<h6>Bei Ausscheiden eines Mitgliedes aus dem Verein oder bei Vereinsaufl\u00f6sung erfolgt keine R\u00fcckerstattung etwaiger eingebrachter Verm\u00f6genswerte.<\/h6>\n<p>&nbsp;<\/p>\n<h6>\u00dcber den Ausschluss eines Mitgliedes entscheidet der Vorstand. Die Entscheidung des Vorstandes ist dem Betroffenen schriftlich mitzuteilen. Gegen den Ausschluss eines Mitgliedes ist der Einspruch zul\u00e4ssig, \u00fcber den die Mitgliederversammlung entscheidet.<\/h6>\n<h6>Der Vorstand kann ein Mitglied vom Verein ausschlie\u00dfen, wenn:<\/h6>\n<h6>&#8211; das Mitglied grob gegen Ziele oder Interessen des Vereins versto\u00dfen hat<\/h6>\n<p>&nbsp;<\/p>\n<h6>&#8211; sich ein Mitglied grob unsportlich oder verantwortungslos verh\u00e4lt<\/h6>\n<p>&nbsp;<\/p>\n<h6>&#8211; die satzungsm\u00e4\u00dfigen Voraussetzungen f\u00fcr die Mitgliedschaft nicht mehr erf\u00fcllt<\/h6>\n<p>&nbsp;<\/p>\n<h6>&#8211; trotz Mahnung den zu leistenden Beitrag bis zum 1. des darauf folgenden Monats nicht beglichen hat.<\/h6>\n<p>&nbsp;<\/p>\n<h2 style=\"text-align: center;\"><strong> 4 &#8211; Mitgliedschaft des Vereins in anderen Vereinen<\/strong><\/h2>\n<p>&nbsp;<\/p>\n<h6>Die Mitgliedschaft des Vereins in anderen Vereinen ist grunds\u00e4tzlich zul\u00e4ssig, wenn diese Zwecke verfolgen, die mit denen des 1. Osnabr\u00fccker Airsoftverein e.V. vergleichbar sind. \u00dcber die Begr\u00fcndung einer solchen Mitgliedschaft und \u00fcber etwaige erforderliche Ausnahmen von dem Zweckentsprechungserfordernis entscheidet der Vorstand durch Beschluss.<\/h6>\n<p>&nbsp;<\/p>\n<h2 style=\"text-align: center;\"><strong>\u00a75 \u2013 Mitgliedsbeitrag<\/strong><\/h2>\n<p>&nbsp;<\/p>\n<h6>Es ist j\u00e4hrlich ein Beitrag zu zahlen. Die H\u00f6he des j\u00e4hrlichen Beitrages wird von der Mitgliederversammlung festgesetzt. Bei Eintritt wird eine einmalige Aufnahmegeb\u00fchr von 20 \u20ac f\u00e4llig. Der Abrechnungszeitraum entspricht einem Gesch\u00e4ftsjahr. Das Gesch\u00e4ftsjahr wird in folgende Quartale unterteilt:<\/h6>\n<p>&nbsp;<\/p>\n<p>&nbsp;<\/p>\n<h6>&#8211; 01. Januar bis 31. M\u00e4rz<\/h6>\n<p>&nbsp;<\/p>\n<h6>&#8211; 01. April bis 31. Juni<\/h6>\n<p>&nbsp;<\/p>\n<h6>&#8211; 01. Juli bis 31. September<\/h6>\n<p>&nbsp;<\/p>\n<h6>&#8211; 01. Oktober bis 31. Dezember<\/h6>\n<p>&nbsp;<\/p>\n<h6>Einzelne Mitglieder k\u00f6nnen, unter besonderen Umst\u00e4nden, durch den Vorstand von der Aufnahmegeb\u00fchr und oder dem Mitgliedsbeitrag freigesprochen werden. Der normale Mitgliedsbeitrag kann, soweit im Mitgliedsantrag festgelegt, abweichend gestaltet werden. Eventuell kann er auch in Form von Waren oder Dienstleistungen erf\u00fcllt werden.<\/h6>\n<p>&nbsp;<\/p>\n<h2 style=\"text-align: center;\"><strong>\u00a76 &#8211; Informationsverbreitung innerhalb des Vereins<\/strong><\/h2>\n<p>&nbsp;<\/p>\n<h6>Informationen werden per SMS an die betroffene Person (das Mitglied) geschickt.<\/h6>\n<p>&nbsp;<\/p>\n<h6>Emails und das soziale Netzwerk \u201eFacebook\u201c k\u00f6nnen, sofern angegeben, zum Schriftverkehr mit dem Mitglied genutzt werden.<\/h6>\n<p>&nbsp;<\/p>\n<h6>Ansprechpartner f\u00fcr Mitglieder sind stets die Vorsitzenden des Vorstands<\/h6>\n<p>&nbsp;<\/p>\n<h2 style=\"text-align: center;\"><strong>\u00a77 &#8211; Organe des Vereins<\/strong><\/h2>\n<p>&nbsp;<\/p>\n<h6>Organe des Vereins sind:<\/h6>\n<p>&nbsp;<\/p>\n<h6>&#8211; Der Vorstand<\/h6>\n<p>&nbsp;<\/p>\n<h6>&#8211; Die Mitgliederversammlung<\/h6>\n<p>&nbsp;<\/p>\n<h2 style=\"text-align: center;\"><strong>\u00a78 &#8211; Der Vorstand<\/strong><\/h2>\n<h6>Der Vorstand des Vereins besteht aus f\u00fcnf nat\u00fcrlichen Personen.<\/h6>\n<h6>&#8211; Dem 1. Vorsitzenden<\/h6>\n<h6>&#8211; Dem 2. Vorsitzenden<\/h6>\n<h6>&#8211; Dem Kassenwart<\/h6>\n<h6>&#8211; Dem Schriftf\u00fchrer<\/h6>\n<h6>&#8211; Dem Public Relations (PR) Beauftragten<\/h6>\n<p>&nbsp;<\/p>\n<h6>Der Vorstand ist berechtigt, den Verein gerichtlich und au\u00dfer gerichtlich zu vertreten. Der Vorstand kann einen oder mehrere Vertreter bestellen.<\/h6>\n<p>&nbsp;<\/p>\n<h6>Der Vorstand ist berechtigt, im Namen des Vereins mit sich im eigenen Namen Rechtsgesch\u00e4fte vorzunehmen (Gestattung i. S. v. \u00a7 181 BGB). Der Vorstand kann einen oder mehrere Vertreter bestellen.<\/h6>\n<p>&nbsp;<\/p>\n<h6>Die Angelegenheiten des Vereins werden in der Regel ausschlie\u00dflich durch den Vorstand besorgt. Ordnet die Mitgliederversammlung bestimmte Angelegenheiten durch Beschl\u00fcsse, so obliegt deren Durchf\u00fchrung dem Vorstand.<\/h6>\n<p>&nbsp;<\/p>\n<h6>Die Bestellung des Vorstandes erfolgt durch mehrheitlichen Beschluss der Mitgliederversammlung. Der Vorstand wird f\u00fcr unbestimmte Zeit bestellt.<\/h6>\n<p>&nbsp;<\/p>\n<h6>Auf die Gesch\u00e4ftsf\u00fchrung des Vorstandes finden die f\u00fcr den Auftrag geltenden Vorschriften des B\u00fcrgerlichen Gesetzbuches entsprechende Anwendung.<\/h6>\n<p>&nbsp;<\/p>\n<h2 style=\"text-align: center;\"><strong>\u00a79 &#8211; Mitgliederversammlung<\/strong><\/h2>\n<p>&nbsp;<\/p>\n<h6>Mindestens einmal im Jahr, m\u00f6glichst zu Beginn eines Kalenderjahres, hat eine Mitgliederversammlung stattzufinden. Ihr obliegt die Entgegennahme des Jahresberichtes und der Jahresabrechnung, die Wahl des Vorstands, die Entlastung des Vorstands, die Festsetzung des Beitrages der Mitglieder und die Beschlussfassung \u00fcber Satzungs\u00e4nderungen und die Aufl\u00f6sung des Vereins. Au\u00dferordentliche Mitgliederversammlungen sind einzuberufen, wenn das Interesse des Vereins es erfordert oder die Berufung von einem Drittel s\u00e4mtlicher Mitglieder schriftlich unter Angabe von Gr\u00fcnden vom Vorstand verlangt wird. Die Mitgliederversammlungen sind vom Vorstand unter Angabe der Tagesordnung und unter Einhaltung einer Frist von 14 Tagen einzuberufen. Sie sind beschlussf\u00e4hig, wenn mindestens ein Drittel aller Mitglieder anwesend sind.<\/h6>\n<p>&nbsp;<\/p>\n<h6>Bei Beschlussunf\u00e4higkeit ist der Vorstand verpflichtet, binnen 3 Wochen eine neue Versammlung mit derselben Tagesordnung einzuberufen. Diese ist ohne R\u00fccksicht auf die Zahl der Erschienenen beschlussf\u00e4hig. In der Einladung zu der zweiten Versammlung ist auf diese unbedingte Beschlussf\u00e4higkeit hinzuweisen. Die Mitgliederversammlungen fassen im Allgemeinen ihre Beschl\u00fcsse in einfacher Mehrheit. Zu Satzungs\u00e4nderungen oder Vorstandswahlen ist eine Stimmenmehrheit von 3\/4 der erschienenen Mitglieder, zur Aufl\u00f6sung des Vereins eine solche von 3\/4 aller Mitglieder erforderlich. Zur \u00c4nderung des Zwecks des Vereins ist die Zustimmung aller Mitglieder erforderlich; die Zustimmung der nicht erschienenen Mitglieder muss schriftlich erfolgen.<\/h6>\n<p>&nbsp;<\/p>\n<h2 style=\"text-align: center;\"><strong>\u00a710 &#8211; Finanzpr\u00fcfer<\/strong><\/h2>\n<p>&nbsp;<\/p>\n<h6>Zur Kontrolle der Haushaltf\u00fchrung bestellt die Mitgliederversammlung Finanzpr\u00fcfer. Nach Durchf\u00fchrung ihrer Pr\u00fcfung erstatten sie dem Vorstand Kenntnis von ihrem Pr\u00fcfungsergebnis und erstatten der Mitgliederversammlung Bericht. &#8211; Die Finanzpr\u00fcfer d\u00fcrfen dem Vorstand nicht angeh\u00f6ren.<\/h6>\n<p>&nbsp;<\/p>\n<h2 style=\"text-align: center;\"><strong>\u00a711 &#8211; Beurkundung der Beschl\u00fcsse<\/strong><\/h2>\n<p>&nbsp;<\/p>\n<h6>Die in Sitzungen des erweiterten Vorstandes und in Mitgliederversammlungen gefassten Beschl\u00fcsse sind schriftlich niederzulegen und vom jeweiligen Versammlungsleiter und einem Mitglied des Vorstandes zu unterzeichnen.<\/h6>\n<p>&nbsp;<\/p>\n<h2 style=\"text-align: center;\"><strong> 12 &#8211; Aufl\u00f6sung des Vereins<\/strong><\/h2>\n<p>&nbsp;<\/p>\n<h6>Die Aufl\u00f6sung des Vereins kann in einer Mitgliederversammlung mit der in \u00a7 9 festgelegten Stimmenmehrheit beschlossen werden. Bei Aufl\u00f6sung des Vereins ist das Verm\u00f6gen zu steuerbeg\u00fcnstigten Zwecken zu verwenden. Beschl\u00fcsse \u00fcber die k\u00fcnftige Verwendung des Verm\u00f6gens d\u00fcrfen erst nach Einwilligung des Finanzamtes ausgef\u00fchrt werden.<\/h6>\n<\/div>\n<\/div>\n<\/div>\n<\/div>\n<\/div>\n<\/div>\n<\/div>\n<\/div>\n<p><!--vcv no format--><\/p>\n","protected":false},"excerpt":{"rendered":"<p>\u00a71 Name, Sitz, Eintragung und Gesch\u00e4ftsjahr des Vereins Der Name des Vereins lautet: 1. Osnabr\u00fccker Airsoftverein. Der Verein hat seinen Sitz in Osnabr\u00fcck. Das Gesch\u00e4ftsjahr &hellip;<\/p>\n","protected":false},"author":1,"featured_media":0,"parent":0,"menu_order":0,"comment_status":"closed","ping_status":"closed","template":"","meta":{"footnotes":""},"class_list":["post-15579","page","type-page","status-publish","hentry"],"_links":{"self":[{"href":"https:\/\/osnabruecker-airsoftverein.de\/index.php\/wp-json\/wp\/v2\/pages\/15579","targetHints":{"allow":["GET"]}}],"collection":[{"href":"https:\/\/osnabruecker-airsoftverein.de\/index.php\/wp-json\/wp\/v2\/pages"}],"about":[{"href":"https:\/\/osnabruecker-airsoftverein.de\/index.php\/wp-json\/wp\/v2\/types\/page"}],"author":[{"embeddable":true,"href":"https:\/\/osnabruecker-airsoftverein.de\/index.php\/wp-json\/wp\/v2\/users\/1"}],"replies":[{"embeddable":true,"href":"https:\/\/osnabruecker-airsoftverein.de\/index.php\/wp-json\/wp\/v2\/comments?post=15579"}],"version-history":[{"count":2,"href":"https:\/\/osnabruecker-airsoftverein.de\/index.php\/wp-json\/wp\/v2\/pages\/15579\/revisions"}],"predecessor-version":[{"id":16426,"href":"https:\/\/osnabruecker-airsoftverein.de\/index.php\/wp-json\/wp\/v2\/pages\/15579\/revisions\/16426"}],"wp:attachment":[{"href":"https:\/\/osnabruecker-airsoftverein.de\/index.php\/wp-json\/wp\/v2\/media?parent=15579"}],"curies":[{"name":"wp","href":"https:\/\/api.w.org\/{rel}","templated":true}]}}